{"id":573,"date":"2022-03-03T11:02:15","date_gmt":"2022-03-03T10:02:15","guid":{"rendered":"https:\/\/tienda.elmozowines.com\/desistimiento\/"},"modified":"2024-03-11T20:18:39","modified_gmt":"2024-03-11T19:18:39","slug":"desistimiento","status":"publish","type":"page","link":"https:\/\/tienda.elmozowines.com\/eu\/desistimiento\/","title":{"rendered":"Ukoa"},"content":{"rendered":"\n[et_pb_section fb_built=&#8221;1&#8243; _builder_version=&#8221;4.15&#8243; global_colors_info=&#8221;{}&#8221;][et_pb_row _builder_version=&#8221;4.15&#8243; background_size=&#8221;initial&#8221; background_position=&#8221;top_left&#8221; background_repeat=&#8221;repeat&#8221; global_colors_info=&#8221;{}&#8221;][et_pb_column type=&#8221;4_4&#8243; _builder_version=&#8221;4.15&#8243; custom_padding=&#8221;|||&#8221; global_colors_info=&#8221;{}&#8221; custom_padding__hover=&#8221;|||&#8221;][et_pb_text _builder_version=&#8221;4.15.1&#8243; header_text_align=&#8221;center&#8221; header_font_size=&#8221;43px&#8221; header_letter_spacing=&#8221;1px&#8221; header_line_height=&#8221;1.4em&#8221; header_2_text_align=&#8221;center&#8221; header_2_line_height=&#8221;1.3em&#8221; background_size=&#8221;initial&#8221; background_position=&#8221;top_left&#8221; background_repeat=&#8221;repeat&#8221; global_colors_info=&#8221;{}&#8221;]<h1>DERECHO DE DESISTIMIENTO \u2013 INFORMACI\u00d3N AMPLIADA<\/h1>\n<h2>CLAUSULA FORMULARIO DERECHO DE DESISTIMIENTO<\/h2>[\/et_pb_text][et_pb_text _builder_version=&#8221;4.15.1&#8243; header_text_align=&#8221;center&#8221; header_font_size=&#8221;43px&#8221; header_letter_spacing=&#8221;1px&#8221; header_line_height=&#8221;1.4em&#8221; header_2_text_align=&#8221;center&#8221; header_2_line_height=&#8221;1.3em&#8221; background_size=&#8221;initial&#8221; background_position=&#8221;top_left&#8221; background_repeat=&#8221;repeat&#8221; global_colors_info=&#8221;{}&#8221;]<p>De conformidad con lo establecido en la normativa vigente y aplicable de protecci\u00f3n de datos de car\u00e1cter personal, le informamos que los datos obtenidos de este formulario ser\u00e1n incorporados a un sistema de tratamiento automatizado bajo la responsabilidad de EL MOZO WINES con la finalidad de atender su derecho de desistimiento en virtud de lo establecido en la Ley 3\/2014, de 27 de marzo, por la que se modifica el texto refundido de la Ley General para la Defensa de los Consumidores y Usuarios y otras leyes complementarias, aprobado por el Real Decreto Legislativo 1\/2007, de 16 de noviembre.<\/p>\n<p>Podr\u00e1 ejercer los derechos de acceso, rectificaci\u00f3n, limitaci\u00f3n de tratamiento, supresi\u00f3n, portabilidad y oposici\u00f3n al tratamiento de sus datos de car\u00e1cter personal as\u00ed como del consentimiento prestado para el tratamiento de los mismos, dirigiendo su petici\u00f3n a la direcci\u00f3n EL MOZO WINES, C\/ ARREGOIA 1, 1308 LANCIEGO (\u00c1LAVA) o al correo electr\u00f3nico info@elmozowines.com<\/p>\n<p>Podr\u00e1 dirigirse a la Autoridad de Control competente para presentar la reclamaci\u00f3n que considere oportuna.<\/p>\n<p>El env\u00edo de este formulario implica la formalizaci\u00f3n de su derecho de desistimiento y en consecuencia, la extinci\u00f3n de la obligaci\u00f3n de la ejecuci\u00f3n del contrato celebrado entre las partes. Una vez tramitada su solicitud, EL MOZO WINES le remitir\u00e1 acuse de recibo por medio del canal de comunicaci\u00f3n que usted haya indicado en el citado formulario.<\/p>[\/et_pb_text][et_pb_button button_url=&#8221;https:\/\/tienda.elmozowines.com\/wp-content\/uploads\/2022\/04\/desestimiento-tienda-elmozowines.pdf&#8221; button_text=&#8221;DESCARGAR FORMULARIO DERECHO DE DESISTIMIENTO&#8221; _builder_version=&#8221;4.15.1&#8243; _module_preset=&#8221;default&#8221; hover_enabled=&#8221;0&#8243; global_colors_info=&#8221;{}&#8221; url_new_window=&#8221;on&#8221; sticky_enabled=&#8221;0&#8243;][\/et_pb_button][\/et_pb_column][\/et_pb_row][\/et_pb_section]\n","protected":false},"excerpt":{"rendered":"<p>DERECHO DE DESISTIMIENTO \u2013 INFORMACI\u00d3N AMPLIADA CLAUSULA FORMULARIO DERECHO DE DESISTIMIENTODe conformidad con lo establecido en la normativa vigente y aplicable de protecci\u00f3n de datos de car\u00e1cter personal, le informamos que los datos obtenidos de este formulario ser\u00e1n incorporados a un sistema de tratamiento automatizado bajo la responsabilidad de EL MOZO WINES con la finalidad [&hellip;]<\/p>\n","protected":false},"author":1,"featured_media":0,"parent":0,"menu_order":0,"comment_status":"closed","ping_status":"closed","template":"","meta":{"_et_pb_use_builder":"on","_et_pb_old_content":"","_et_gb_content_width":"","footnotes":""},"class_list":["post-573","page","type-page","status-publish","hentry"],"_links":{"self":[{"href":"https:\/\/tienda.elmozowines.com\/eu\/wp-json\/wp\/v2\/pages\/573","targetHints":{"allow":["GET"]}}],"collection":[{"href":"https:\/\/tienda.elmozowines.com\/eu\/wp-json\/wp\/v2\/pages"}],"about":[{"href":"https:\/\/tienda.elmozowines.com\/eu\/wp-json\/wp\/v2\/types\/page"}],"author":[{"embeddable":true,"href":"https:\/\/tienda.elmozowines.com\/eu\/wp-json\/wp\/v2\/users\/1"}],"replies":[{"embeddable":true,"href":"https:\/\/tienda.elmozowines.com\/eu\/wp-json\/wp\/v2\/comments?post=573"}],"version-history":[{"count":1,"href":"https:\/\/tienda.elmozowines.com\/eu\/wp-json\/wp\/v2\/pages\/573\/revisions"}],"predecessor-version":[{"id":588,"href":"https:\/\/tienda.elmozowines.com\/eu\/wp-json\/wp\/v2\/pages\/573\/revisions\/588"}],"wp:attachment":[{"href":"https:\/\/tienda.elmozowines.com\/eu\/wp-json\/wp\/v2\/media?parent=573"}],"curies":[{"name":"wp","href":"https:\/\/api.w.org\/{rel}","templated":true}]}}