{"id":581,"date":"2022-03-03T10:50:47","date_gmt":"2022-03-03T09:50:47","guid":{"rendered":"https:\/\/tienda.elmozowines.com\/condiciones-generales-de-contratacion-productos\/"},"modified":"2024-03-11T20:15:13","modified_gmt":"2024-03-11T19:15:13","slug":"condiciones-generales-de-contratacion-productos","status":"publish","type":"page","link":"https:\/\/tienda.elmozowines.com\/eu\/condiciones-generales-de-contratacion-productos\/","title":{"rendered":"Kontratazio-baldintza orokorrak \u2013 produktuak"},"content":{"rendered":"\n\n[et_pb_section fb_built=&#8221;1&#8243; _builder_version=&#8221;4.15&#8243; global_colors_info=&#8221;{}&#8221;][et_pb_row _builder_version=&#8221;4.15&#8243; background_size=&#8221;initial&#8221; background_position=&#8221;top_left&#8221; background_repeat=&#8221;repeat&#8221; global_colors_info=&#8221;{}&#8221;][et_pb_column type=&#8221;4_4&#8243; _builder_version=&#8221;4.15&#8243; custom_padding=&#8221;|||&#8221; global_colors_info=&#8221;{}&#8221; custom_padding__hover=&#8221;|||&#8221;][et_pb_text _builder_version=&#8221;4.15.1&#8243; header_text_align=&#8221;center&#8221; header_font_size=&#8221;43px&#8221; header_letter_spacing=&#8221;1px&#8221; header_line_height=&#8221;1.4em&#8221; background_size=&#8221;initial&#8221; background_position=&#8221;top_left&#8221; background_repeat=&#8221;repeat&#8221; hover_enabled=&#8221;0&#8243; global_colors_info=&#8221;{}&#8221; sticky_enabled=&#8221;0&#8243; header_3_line_height=&#8221;1.7em&#8221; header_3_font_size=&#8221;36px&#8221; header_3_font=&#8221;|700||on|||||&#8221;]<p><!-- \/divi:paragraph --><\/p>\n<p><!-- divi:paragraph --><\/p>\n<h1>CONDICIONES GENERALES DE CONTRATACI\u00d3N \u2013 PRODUCTOS<\/h1>\n<h3>Informaci\u00f3n previa al proceso contractual<\/h3>\n<p>La presente p\u00e1gina web tienda.elmozowines.com es propiedad de MIREN ITXASO COMPA\u00d1\u00d3N ARRIETA, de ahora en adelante: EL MOZO WINES, \u00a0con NIF 72717863M y direcci\u00f3n fiscal en C\/ ARREGOIA 1, 1308 LANCIEGO (\u00c1LAVA).<\/p>\n<p>Las condiciones Generales de Contrataci\u00f3n regulan la relaci\u00f3n de venta a distancia entre EL MOZO WINES y el usuario o cliente, de acuerdo con las estipulaciones legales, en especial, la Ley 7\/1998, de 13 de abril, sobre Condiciones Generales de Contrataci\u00f3n, la Ley 3\/2014, de 27 de marzo por la que se modifica el texto refundido de la Ley General para la Defensa de los consumidores y Usuarios, Ley Org\u00e1nica 3\/2018, de 5 de diciembre, de Protecci\u00f3n de Datos Personales y garant\u00eda de los derechos digitales, Reglamento General de Protecci\u00f3n de Datos (UE) 2016\/679, la Ley 7\/1996, de 15 de enero de Ordenaci\u00f3n del Comercio Minorista, y a la Ley 34\/2002 de 11 de julio, de Servicios de la Sociedad de la Informaci\u00f3n y de Comercio Electr\u00f3nico.<\/p>\n<p>EL MOZO WINES se reserva el derecho a realizar las modificaciones que considere oportunas, sin aviso previo, en las Condiciones Generales. Dichas modificaciones podr\u00e1n realizarse, a trav\u00e9s de sus websites, por cualquier forma admisible en derecho y ser\u00e1n de obligado cumplimiento durante el tiempo en que se encuentren publicadas en la web y hasta que no sean modificadas v\u00e1lidamente por otras posteriores. No obstante, EL MOZO WINES se reserva el derecho de aplicar, en determinados casos, unas Condiciones Particulares de Contrataci\u00f3n con preferencia a las presentes Condiciones Generales cuando lo considere oportuno, anunci\u00e1ndolas en tiempo y forma oportunos.<\/p>\n<p>El objeto de la p\u00e1gina web es la venta de vinos exclusivos de la Comarca de Laguardia-Rioja Alavesa.<br \/>La duraci\u00f3n del contrato quedar\u00e1 vinculada a la entrega del producto sin perjuicio del derecho de desistimiento.<\/p>\n<p>Como usuario o cliente declara expresamente conocer, entender y aceptar las condiciones de uso y estas condiciones generales de contrataci\u00f3n. Del mismo modo, declara ser mayor de edad y tener la capacidad jur\u00eddica y de obrar necesarias para el acceso a los sitios web de EL MOZO WINES y la contrataci\u00f3n por medio de los mismos.<\/p>\n<p>La Comisi\u00f3n Europea facilita una plataforma de resoluci\u00f3n de litigios en l\u00ednea que se encuentra disponible en el siguiente enlace:\u00a0<a href=\"http:\/\/ec.europa.eu\/consumers\/odr\/\" target=\"_blank\" rel=\"noopener\">http:\/\/ec.europa.eu\/consumers\/odr\/<\/a><\/p>\n<p>Para adquirir nuestros productos, usted puede dirigirse al apartado correspondiente de nuestra tienda online.<\/p>\n<p>Podr\u00e1 registrarse como usuario de la web para realizar la compra online en el apartado correspondiente en la propia web. De conformidad con la normativa aplicable y vigente en materia de protecci\u00f3n de datos, EL MOZO WINES informa a los usuarios que los datos personales recabados durante el proceso de registro y posterior compra, ser\u00e1n incorporados al sistema de tratamiento titularidad de EL MOZO WINES, con la finalidad de tramitar dichas acciones por parte del usuario y gestionar actuaciones posteriores derivadas de las mismas.<\/p>\n<p>Sus datos se conservar\u00e1n el plazo estrictamente necesario para cumplir con las finalidades anteriormente previstas, salvo obligaci\u00f3n legal de conservaci\u00f3n.<\/p>\n<p>Le informamos que la base legal del tratamiento de sus datos es la correcta ejecuci\u00f3n del contrato entre las partes y el consentimiento.<\/p>\n<p>De acuerdo con los derechos que le confiere la normativa vigente en protecci\u00f3n de datos podr\u00e1 ejercer los derechos de acceso, rectificaci\u00f3n, limitaci\u00f3n de tratamiento, supresi\u00f3n, portabilidad y oposici\u00f3n al tratamiento de sus datos de car\u00e1cter personal as\u00ed como del consentimiento prestado para el tratamiento de los mismos, dirigiendo su petici\u00f3n a la direcci\u00f3n mencionada m\u00e1s arriba o al correo electr\u00f3nico\u00a0info@elmozowines.com\u00a0. Podr\u00e1 dirigirse a la Autoridad de Control competente para presentar la reclamaci\u00f3n que considere oportuna.<\/p>\n<p>Durante el proceso de compra deber\u00e1 identificarse con el nombre de usuario y la contrase\u00f1a proporcionados. Estos datos no ser\u00e1n p\u00fablicos. Usted se hace responsable de tratar confidencial y responsablemente la identidad y contrase\u00f1a obtenidas en el registro como cliente, no pudiendo cederlas a otro. Puede modificar la informaci\u00f3n registrada en cualquier momento, en su \u00e1rea de cliente. En este mismo apartado usted tendr\u00e1 acceso a un hist\u00f3rico de sus pedidos, est\u00e9 s\u00f3lo es un apartado de consulta pero se permite su gesti\u00f3n, pudiendo el usuario eliminar aquellos registros que considere no es necesario visualizar.<\/p>\n<p>Finalizado el proceso de compra el cliente recibir\u00e1 una confirmaci\u00f3n del mismo por correo electr\u00f3nico. Es imprescindible que durante el proceso de compra el usuario indique un correo electr\u00f3nico v\u00e1lido. Si en 24 horas desde la finalizaci\u00f3n del pedido no recibe la confirmaci\u00f3n, p\u00f3ngase en contacto con EL MOZO WINES en el tel\u00e9fono de atenci\u00f3n al cliente 945566360 o mediante el correo electr\u00f3nico <a href=\"mailto:abra@riojalavesa.com\">info@elmozowines.com<\/a><\/p>\n<p>Todos los contenidos de la web est\u00e1n en espa\u00f1ol.<\/p>\n<p>El cliente, al recibir el producto en la direcci\u00f3n de entrega facilitada, recibir\u00e1 una factura o copia del pedido.<\/p>\n<h3>Oferta y vigencia<\/h3>\n<p>En caso de un producto en oferta, siempre se indicar\u00e1 junto a sus caracter\u00edsticas esenciales, el precio de oferta y la validez de la misma.<\/p>\n<p>En cumplimiento de la normativa vigente EL MOZO WINES ofrece informaci\u00f3n sobre todos los art\u00edculos en venta, sus caracter\u00edsticas y precios. No obstante, EL MOZO WINES se reserva el derecho a retirar, reponer o cambiar los productos que se ofrecen a trav\u00e9s de su p\u00e1gina web, mediante el simple cambio en el contenido de la misma. De esta forma, los productos ofrecidos en cada momento por la web se regir\u00e1n por las Condiciones Generales de Contrataci\u00f3n vigentes en cada caso. Asimismo, la empresa tendr\u00e1 la facultad de dejar de ofrecer, sin previo aviso y en cualquier momento, el acceso a los productos mencionados.<\/p>\n<p>Caracter\u00edsticas esenciales de los productos<\/p>\n<p>Los productos ofertados en nuestra tienda online, incorporan una fotograf\u00eda y las caracter\u00edsticas esenciales del mismo, esta es la informaci\u00f3n obtenida del propio fabricante. El color del producto, observable en la fotograf\u00eda no es vinculante. En las caracter\u00edsticas se identifica el mismo.<\/p>\n<h3>Garant\u00edas<\/h3>\n<p>Todos los productos ofrecidos en la p\u00e1gina web gozan de la garant\u00eda comercial del proveedor del mismo. EL MOZO WINES dispone de un servicio de posventa, mientras est\u00e9 vigente la garant\u00eda, el cliente podr\u00e1 ejecutarla dirigi\u00e9ndose al establecimiento de EL MOZO WINES, al servicio de posventa, por correo electr\u00f3nico a\u00a0info@elmozowines.com\u00a0o a los puntos establecidos por el propio proveedor. En caso de duda podr\u00e1 dirigirse al tel\u00e9fono de atenci\u00f3n al cliente 945566360 o mediante el correo electr\u00f3nico\u00a0<a href=\"mailto:abra@riojalavesa.com\">info@elmozowines.com<\/a><\/p>\n<h3>Precios<\/h3>\n<p>Todos los productos indican el precio de venta en Euros e incluyen el Impuesto sobre el Valor A\u00f1adido (IVA).<\/p>\n<p>Si fuera aplicable cualquier otro impuesto, as\u00ed se indicar\u00eda (IGIC o IPSI).<\/p>\n<h3>Gastos de entrega y transporte<\/h3>\n<p>EL MOZO WINES realiza env\u00edos en Pen\u00ednsula, Baleares, Canarias.<\/p>\n<p>EL MOZO WINES informa que los costes de transporte ser\u00e1n gratuitos para el cliente y ser\u00e1n asumidos directamente por nosotros si el pedido es de 7 o m\u00e1s productos. Si el pedido es inferior a dicha cantidad, entonces los costes de transporte que se cargar\u00e1n al cliente ser\u00e1n de 10,20 Euros.<\/p>\n<h3>Formas de pago<\/h3>\n<p>El cliente podr\u00e1 abonar el importe de su pedido optando por cualquiera de las siguientes formas. Durante el proceso de compra deber\u00e1 indicar su elecci\u00f3n:<\/p>\n<ul>\n<li>Tarjeta de cr\u00e9dito VISA o MASTERCARD<\/li>\n<\/ul>\n<p>Todas las operaciones que implican la transmisi\u00f3n de datos personales o bancarios se realizan utilizando un entorno seguro, un servidor basado en la tecnolog\u00eda de seguridad est\u00e1ndar SSL (Secure Sockets Layer). Toda la informaci\u00f3n que nos transmita viaja cifrada a trav\u00e9s de la red.<\/p>\n<p>Asimismo los datos sobre su tarjeta de cr\u00e9dito son introducidos directamente en la p\u00e1gina del banco, en el TPV Virtual (Redsys) y no son introducidos ni registrados en ning\u00fan servidor de EL MOZO WINES. Para pagar se conectar\u00e1 directamente a la plataforma de pago electr\u00f3nico Redsys\u00a0<a href=\"https:\/\/sis.redsys.es\/sis\/realizarPago\">https:\/\/sis.redsys.es\/sis\/realizarPago<\/a>.<\/p>\n<p>Para m\u00e1s informaci\u00f3n, puede consultar el siguiente enlace:\u00a0<a href=\"http:\/\/www.redsys.es\/\">http:\/\/www.redsys.es<\/a>.<\/p>\n<p>Al pagar con tarjeta VISA o MASTERCARD se le solicitar\u00e1n siempre los siguientes datos: el n\u00famero de tarjeta, la fecha de caducidad, y un C\u00f3digo de Validaci\u00f3n que coincide con las tres \u00faltimas cifras del n\u00famero impreso en cursiva en el reverso de su tarjeta VISA o MASTERCARD, ofreciendo, de esta forma, m\u00e1s garant\u00edas acerca de la seguridad de la transacci\u00f3n.<\/p>\n<p>Esta forma de pago es v\u00e1lida \u00fanicamente en la web.<\/p>\n<p>Cuando el importe de una compra hubiese sido cargado fraudulenta o indebidamente utilizando el n\u00famero de una tarjeta de pago, su titular podr\u00e1 exigir la inmediata anulaci\u00f3n del cargo. En tal caso, las correspondientes anotaciones de adeudo y reabono en las cuentas del proveedor y del titular se efectuar\u00e1n a la mayor brevedad.<br \/>Sin embargo, si la compra hubiese sido efectivamente realizada por el titular de la tarjeta y la exigencia de devoluci\u00f3n no fuera consecuencia de haberse ejercido el derecho de desistimiento o de resoluci\u00f3n y, por tanto, hubiese exigido indebidamente la anulaci\u00f3n del correspondiente cargo, aquel quedar\u00e1 obligado frente a EL MOZO WINES al resarcimiento de los da\u00f1os y perjuicios ocasionados como consecuencia de dicha anulaci\u00f3n.<\/p>\n<h3>Ejecuci\u00f3n del pedido<\/h3>\n<p>EL MOZO WINES informa que el tiempo de entrega del pedido se especificar\u00e1 antes de finalizar el pedido.<\/p>\n<p>La disponibilidad de los productos ofrecidos por EL MOZO WINES puede variar en funci\u00f3n de la demanda de los clientes. Pese a que EL MOZO WINES actualiza el stock peri\u00f3dicamente, el producto solicitado por el cliente podr\u00eda estar agotado en ese momento. En caso de no ejecuci\u00f3n por indisponibilidad, EL MOZO WINES en el momento que tenga conocimiento de esta situaci\u00f3n lo notificar\u00e1 al cliente, por medio de un correo electr\u00f3nico. El periodo de esta comunicaci\u00f3n no superar\u00e1 en ning\u00fan caso el plazo m\u00e1ximo de 30 d\u00edas. EL MOZO WINES podr\u00e1 dar la doble opci\u00f3n de: suministrar al cliente sin aumento de precio, un producto de caracter\u00edsticas similares o de superior calidad, o salvo razones justificadas y demostrables por EL MOZO WINES dentro de este mismo periodo abonar las sumas pagadas por el pedido anulado.<\/p>\n<h3>Derecho de desistimiento<\/h3>\n<p>El comprador dispondr\u00e1 de un plazo de catorce d\u00edas naturales para desistir, a partir del d\u00eda que el cliente reciba el producto, sin penalizaci\u00f3n alguna y sin indicaci\u00f3n de los motivos.<\/p>\n<p>El ejercicio del derecho de desistimiento deber\u00e1 realizarse mediante notificaci\u00f3n a trav\u00e9s comunicaci\u00f3n telef\u00f3nica a 945566360, dirigi\u00e9ndose al correo electr\u00f3nico\u00a0info@elmozowines.com\u00a0, remitiendo su escrito a nuestra direcci\u00f3n postal C\/ ARREGOIA 1, 1308 LANCIEGO (\u00c1LAVA), o bien a trav\u00e9s del\u00a0<a href=\"https:\/\/tienda.elmozowines.com\/eu\/desistimiento\/\"><u>formulario de desistimiento<\/u><\/a>.<\/p>\n<p>Seg\u00fan lo establecido el art\u00edculo 103 de la Ley 3\/2014, de 27 de marzo por la que se modifica el texto refundido de la Ley General para la Defensa de los consumidores y Usuarios, los suministros de servicios o bienes confeccionado conforme a las especificaciones del consumidor o claramente personalizados, o que, por su naturaleza, no puedan ser devueltos o puedan deteriorarse o caducar con rapidez, est\u00e1n exentos de desistimiento.<\/p>\n<h3>La devoluci\u00f3n<\/h3>\n<p>El cliente deber\u00e1 devolver o entregar directamente el producto a EL MOZO WINES, a la direcci\u00f3n C\/ ARREGOIA 1, 1308 LANCIEGO (\u00c1LAVA), sin ninguna demora indebida, y en todo caso en un plazo m\u00e1ximo de catorce d\u00edas naturales a partir de la fecha en que se formalice el derecho de desistimiento del contrato. Se entender\u00e1 cumplido el plazo si el cliente efect\u00faa la devoluci\u00f3n del producto antes de la finalizaci\u00f3n del plazo.<\/p>\n<p>El cliente se har\u00e1 cargo de los costes de devoluci\u00f3n del producto.<\/p>\n<h3>Reembolso del pago<\/h3>\n<p>El reembolso de las cantidades recibidas por el cliente se realizar\u00e1 utilizando los mismos medios de pago empleados por este, siempre y cuando no se haya dispuesto lo contrario.<\/p>\n<p>EL MOZO WINES abonar\u00e1 las cantidades satisfechas por el cliente antes de 14 d\u00edas naturales des de la fecha de recepci\u00f3n del derecho de desistimiento.<\/p>\n<h3>Devoluci\u00f3n del producto defectuoso<\/h3>\n<p>En el caso de que el producto no se encuentre en buen estado y las causas imputables a este, no sean consecuencia del cliente, este tendr\u00e1 derecho a la devoluci\u00f3n del producto, informando a EL MOZO WINES del motivo de devoluci\u00f3n a trav\u00e9s de cualquiera de los medios facilitados en las presentes condiciones de contrataci\u00f3n, y sin coste alguno para el cliente. Esta devoluci\u00f3n por motivo de defecto o mal estado del producto no ser\u00e1 considerada un derecho de desistimiento.<\/p>\n<p>EL MOZO WINES se compromete a asumir el coste de la devoluci\u00f3n y a restituir el producto por uno nuevo de acuerdo con condiciones aceptadas en el momento de la venta.<\/p>\n<p>Si el cliente desea presentar una reclamaci\u00f3n, el establecimiento de EL MOZO WINES est\u00e1 situado en C\/ ARREGOIA 1, 1308 LANCIEGO (\u00c1LAVA) o a trav\u00e9s del correo electr\u00f3nico info@elmozowines.com<\/p>\n<h3>Jurisdicci\u00f3n<\/h3>\n<p>Asimismo, EL MOZO WINES se reserva la facultad de presentar las acciones civiles o penales que considere oportunas por la utilizaci\u00f3n indebida de su sitio web y contenidos o por el incumplimiento de las presentes condiciones.<\/p>\n<p>La relaci\u00f3n entre el usuario y el prestador se regir\u00e1 por la normativa vigente y de aplicaci\u00f3n en el territorio espa\u00f1ol. De surgir cualquier controversia las partes podr\u00e1n someter sus conflictos a arbitraje o acudir a la jurisdicci\u00f3n ordinaria cumpliendo con las normas sobre jurisdicci\u00f3n y competencia al respecto. EL MOZO WINES tiene su domicilio en \u00c1LAVA, Espa\u00f1a.<\/p>\n<p>&nbsp;<\/p>\n<p>\u00daLTIMA ACTUALIZACI\u00d3N: 05 de abril de 2022<\/p>\n<p>&nbsp;<\/p>\n<p><!-- \/divi:paragraph --><\/p>[\/et_pb_text][\/et_pb_column][\/et_pb_row][\/et_pb_section]\n\n","protected":false},"excerpt":{"rendered":"<p>CONDICIONES GENERALES DE CONTRATACI\u00d3N \u2013 PRODUCTOS Informaci\u00f3n previa al proceso contractual La presente p\u00e1gina web tienda.elmozowines.com es propiedad de MIREN ITXASO COMPA\u00d1\u00d3N ARRIETA, de ahora en adelante: EL MOZO WINES, \u00a0con NIF 72717863M y direcci\u00f3n fiscal en C\/ ARREGOIA 1, 1308 LANCIEGO (\u00c1LAVA). Las condiciones Generales de Contrataci\u00f3n regulan la relaci\u00f3n de venta a distancia [&hellip;]<\/p>\n","protected":false},"author":1,"featured_media":0,"parent":0,"menu_order":0,"comment_status":"closed","ping_status":"closed","template":"","meta":{"_et_pb_use_builder":"on","_et_pb_old_content":"<!-- wp:paragraph -->\n<p><b>This is a sample page.<\/b><\/p>\n<!-- \/wp:paragraph -->\n\n<!-- wp:paragraph -->\n<p><h3>Overview<\/h3><\/p>\n<!-- \/wp:paragraph -->\n\n<!-- wp:paragraph -->\n<p>Our refund and returns policy lasts 30 days. If 30 days have passed since your purchase, we can\u2019t offer you a full refund or exchange.<\/p>\n<!-- \/wp:paragraph -->\n\n<!-- wp:paragraph -->\n<p>To be eligible for a return, your item must be unused and in the same condition that you received it. It must also be in the original packaging.<\/p>\n<!-- \/wp:paragraph -->\n\n<!-- wp:paragraph -->\n<p>Several types of goods are exempt from being returned. Perishable goods such as food, flowers, newspapers or magazines cannot be returned. We also do not accept products that are intimate or sanitary goods, hazardous materials, or flammable liquids or gases.<\/p>\n<!-- \/wp:paragraph -->\n\n<!-- wp:paragraph -->\n<p>Additional non-returnable items:<\/p>\n<!-- \/wp:paragraph -->\n\n<!-- wp:list -->\n<ul><li>Gift cards<\/li><li>Downloadable software products<\/li><li>Some health and personal care items<\/li><\/ul>\n<!-- \/wp:list -->\n\n<!-- wp:paragraph -->\n<p>To complete your return, we require a receipt or proof of purchase.<\/p>\n<!-- \/wp:paragraph -->\n\n<!-- wp:paragraph -->\n<p>Please do not send your purchase back to the manufacturer.<\/p>\n<!-- \/wp:paragraph -->\n\n<!-- wp:paragraph -->\n<p>There are certain situations where only partial refunds are granted:<\/p>\n<!-- \/wp:paragraph -->\n\n<!-- wp:list -->\n<ul><li>Book with obvious signs of use<\/li><li>CD, DVD, VHS tape, software, video game, cassette tape, or vinyl record that has been opened.<\/li><li>Any item not in its original condition, is damaged or missing parts for reasons not due to our error.<\/li><li>Any item that is returned more than 30 days after delivery<\/li><\/ul>\n<!-- \/wp:list -->\n\n<!-- wp:paragraph -->\n<p><h2>Refunds<\/h2><\/p>\n<!-- \/wp:paragraph -->\n\n<!-- wp:paragraph -->\n<p>Once your return is received and inspected, we will send you an email to notify you that we have received your returned item. We will also notify you of the approval or rejection of your refund.<\/p>\n<!-- \/wp:paragraph -->\n\n<!-- wp:paragraph -->\n<p>If you are approved, then your refund will be processed, and a credit will automatically be applied to your credit card or original method of payment, within a certain amount of days.<\/p>\n<!-- \/wp:paragraph -->\n\n<!-- wp:paragraph -->\n<p><b>Late or missing refunds<\/b><\/p>\n<!-- \/wp:paragraph -->\n\n<!-- wp:paragraph -->\n<p>If you haven\u2019t received a refund yet, first check your bank account again.<\/p>\n<!-- \/wp:paragraph -->\n\n<!-- wp:paragraph -->\n<p>Then contact your credit card company, it may take some time before your refund is officially posted.<\/p>\n<!-- \/wp:paragraph -->\n\n<!-- wp:paragraph -->\n<p>Next contact your bank. There is often some processing time before a refund is posted.<\/p>\n<!-- \/wp:paragraph -->\n\n<!-- wp:paragraph -->\n<p>If you\u2019ve done all of this and you still have not received your refund yet, please contact us at {email address}.<\/p>\n<!-- \/wp:paragraph -->\n\n<!-- wp:paragraph -->\n<p><b>Sale items<\/b><\/p>\n<!-- \/wp:paragraph -->\n\n<!-- wp:paragraph -->\n<p>Only regular priced items may be refunded. Sale items cannot be refunded.<\/p>\n<!-- \/wp:paragraph -->\n\n<!-- wp:paragraph -->\n<p><h2>Exchanges<\/h2><\/p>\n<!-- \/wp:paragraph -->\n\n<!-- wp:paragraph -->\n<p>We only replace items if they are defective or damaged. If you need to exchange it for the same item, send us an email at {email address} and send your item to: {physical address}.<\/p>\n<!-- \/wp:paragraph -->\n\n<!-- wp:paragraph -->\n<p><h2>Gifts<\/h2><\/p>\n<!-- \/wp:paragraph -->\n\n<!-- wp:paragraph -->\n<p>If the item was marked as a gift when purchased and shipped directly to you, you\u2019ll receive a gift credit for the value of your return. Once the returned item is received, a gift certificate will be mailed to you.<\/p>\n<!-- \/wp:paragraph -->\n\n<!-- wp:paragraph -->\n<p>If the item wasn\u2019t marked as a gift when purchased, or the gift giver had the order shipped to themselves to give to you later, we will send a refund to the gift giver and they will find out about your return.<\/p>\n<!-- \/wp:paragraph -->\n\n<!-- wp:paragraph -->\n<p><h2>Shipping returns<\/h2><\/p>\n<!-- \/wp:paragraph -->\n\n<!-- wp:paragraph -->\n<p>To return your product, you should mail your product to: {physical address}.<\/p>\n<!-- \/wp:paragraph -->\n\n<!-- wp:paragraph -->\n<p>You will be responsible for paying for your own shipping costs for returning your item. Shipping costs are non-refundable. If you receive a refund, the cost of return shipping will be deducted from your refund.<\/p>\n<!-- \/wp:paragraph -->\n\n<!-- wp:paragraph -->\n<p>Depending on where you live, the time it may take for your exchanged product to reach you may vary.<\/p>\n<!-- \/wp:paragraph -->\n\n<!-- wp:paragraph -->\n<p>If you are returning more expensive items, you may consider using a trackable shipping service or purchasing shipping insurance. We don\u2019t guarantee that we will receive your returned item.<\/p>\n<!-- \/wp:paragraph -->\n\n<!-- wp:paragraph -->\n<p><h2>Need help?<\/h2><\/p>\n<!-- \/wp:paragraph -->\n\n<!-- wp:paragraph -->\n<p>Contact us at {email} for questions related to refunds and returns.<\/p>\n<!-- \/wp:paragraph -->","_et_gb_content_width":"","footnotes":""},"class_list":["post-581","page","type-page","status-publish","hentry"],"_links":{"self":[{"href":"https:\/\/tienda.elmozowines.com\/eu\/wp-json\/wp\/v2\/pages\/581","targetHints":{"allow":["GET"]}}],"collection":[{"href":"https:\/\/tienda.elmozowines.com\/eu\/wp-json\/wp\/v2\/pages"}],"about":[{"href":"https:\/\/tienda.elmozowines.com\/eu\/wp-json\/wp\/v2\/types\/page"}],"author":[{"embeddable":true,"href":"https:\/\/tienda.elmozowines.com\/eu\/wp-json\/wp\/v2\/users\/1"}],"replies":[{"embeddable":true,"href":"https:\/\/tienda.elmozowines.com\/eu\/wp-json\/wp\/v2\/comments?post=581"}],"version-history":[{"count":1,"href":"https:\/\/tienda.elmozowines.com\/eu\/wp-json\/wp\/v2\/pages\/581\/revisions"}],"predecessor-version":[{"id":586,"href":"https:\/\/tienda.elmozowines.com\/eu\/wp-json\/wp\/v2\/pages\/581\/revisions\/586"}],"wp:attachment":[{"href":"https:\/\/tienda.elmozowines.com\/eu\/wp-json\/wp\/v2\/media?parent=581"}],"curies":[{"name":"wp","href":"https:\/\/api.w.org\/{rel}","templated":true}]}}